{"id":13690,"date":"2020-11-10T14:17:41","date_gmt":"2020-11-10T13:17:41","guid":{"rendered":"https:\/\/sfam.se\/tidskriften\/?page_id=13690"},"modified":"2020-11-10T22:50:49","modified_gmt":"2020-11-10T21:50:49","slug":"hitta-artiklar","status":"publish","type":"page","link":"https:\/\/sfam.se\/tidskriften\/hitta-artiklar\/","title":{"rendered":"Hitta artiklar"},"content":{"rendered":"<div  style='padding-bottom:10px; ' class='av-special-heading av-special-heading-h3  blockquote modern-quote modern-centered  avia-builder-el-0  el_before_av_hr  avia-builder-el-first  '><h3 class='av-special-heading-tag '  itemprop=\"headline\"  >Hitta artiklar<\/h3><div class='special-heading-border'><div class='special-heading-inner-border' ><\/div><\/div><\/div>\n<div   class='hr hr-default   avia-builder-el-1  el_after_av_heading  el_before_av_textblock '><span class='hr-inner ' ><span class='hr-inner-style'><\/span><\/span><\/div>\n<section class=\"av_textblock_section \"  itemscope=\"itemscope\" itemtype=\"https:\/\/schema.org\/CreativeWork\" ><div class='avia_textblock  '   itemprop=\"text\" ><div>\n<div class=\"introduction\">\n<p>Alla nummer fr\u00e5n f\u00f6rsta b\u00f6rjan 1979 finns i sin helhet p\u00e5 SFAM:s hemsida.<\/p>\n<\/div>\n<\/div>\n<h4 class=\"content-subheader\">Fr\u00e5n och med 2018: <a href=\"https:\/\/allmanmedicin.sfam.se\/\">E-tidningen<\/a><\/h4>\n<p>I e-tidningen finns en s\u00f6kfunktion d\u00e4r du kommer hela v\u00e4gen fram till artikeln.<\/p>\n<h4 class=\"content-subheader\">1979 &#8211; 2017: Hitta r\u00e4tt pdf-fil<\/h4>\n<p>Anv\u00e4nd en s\u00f6kmotor, t.ex. google. S\u00f6k p\u00e5 sfam + tidskriften + cloudinary. L\u00e4gg till f\u00f6rfattarnamn, rubrik, \u00e4mne.<\/p>\n<h4 class=\"content-subheader\">Hj\u00e4lpmedel<\/h4>\n<p>1994 \u2013\u00a0\u00a0<a href=\"https:\/\/web.archive.org\/web\/20200201015936\/https:\/\/www.btj.se\/bibliotek\/soktjanster\/artikelsok\">ArtikelS\u00f6k<\/a>\u00a0 BTJ:s tj\u00e4nst f\u00f6r bibliotek. Kr\u00e4ver inloggning.<\/p>\n<p>1983 \u2013 \u00a0Databasen\u00a0<a href=\"https:\/\/web.archive.org\/web\/20200201015936\/http:\/\/svemedplus.kib.ki.se\/\" target=\"_blank\" rel=\"noopener noreferrer\">SveMed+<\/a>\u00a0 Indexerade artiklar (online fr.o.m. nr 3-2004)<\/p>\n<p>2004 \u2013 2007 \u00a0<a href=\"https:\/\/web.archive.org\/web\/20200201015936\/http:\/\/sfamportal.s3.amazonaws.com\/files\/5652f4141a377b0300fbb8c1\/AM%202008%20Publicerade%20artiklar%20lista.xls\" target=\"_blank\" rel=\"noopener noreferrer\">Publartiklarfeb2008<\/a>\u00a0F\u00f6rfattarregister, excel-fil att ladda ner<\/p>\n<p>1979 \u2013 2000 \u00a0<a href=\"https:\/\/web.archive.org\/web\/20200201015936\/https:\/\/web.archive.org\/web\/20171012031557\/http:\/\/www.primnet.se\/AM.htm\" target=\"_blank\" rel=\"noopener noreferrer\">Primet<\/a>\u00a0(tv\u00e5 artikelregister + inskannade tidningar 1979 \u2013 1982)<\/p>\n<\/div><\/section>\n","protected":false},"excerpt":{"rendered":"","protected":false},"author":1,"featured_media":0,"parent":0,"menu_order":0,"comment_status":"closed","ping_status":"closed","template":"","meta":{"footnotes":""},"_links":{"self":[{"href":"https:\/\/sfam.se\/tidskriften\/wp-json\/wp\/v2\/pages\/13690"}],"collection":[{"href":"https:\/\/sfam.se\/tidskriften\/wp-json\/wp\/v2\/pages"}],"about":[{"href":"https:\/\/sfam.se\/tidskriften\/wp-json\/wp\/v2\/types\/page"}],"author":[{"embeddable":true,"href":"https:\/\/sfam.se\/tidskriften\/wp-json\/wp\/v2\/users\/1"}],"replies":[{"embeddable":true,"href":"https:\/\/sfam.se\/tidskriften\/wp-json\/wp\/v2\/comments?post=13690"}],"version-history":[{"count":3,"href":"https:\/\/sfam.se\/tidskriften\/wp-json\/wp\/v2\/pages\/13690\/revisions"}],"predecessor-version":[{"id":13696,"href":"https:\/\/sfam.se\/tidskriften\/wp-json\/wp\/v2\/pages\/13690\/revisions\/13696"}],"wp:attachment":[{"href":"https:\/\/sfam.se\/tidskriften\/wp-json\/wp\/v2\/media?parent=13690"}],"curies":[{"name":"wp","href":"https:\/\/api.w.org\/{rel}","templated":true}]}}