{"id":13296,"date":"2020-09-27T18:47:31","date_gmt":"2020-09-27T17:47:31","guid":{"rendered":"https:\/\/sfam.se\/tidskriften\/?page_id=13296"},"modified":"2021-12-09T17:01:52","modified_gmt":"2021-12-09T16:01:52","slug":"ovriga-tidsskrifter","status":"publish","type":"page","link":"https:\/\/sfam.se\/tidskriften\/ovriga-tidsskrifter\/","title":{"rendered":"\u00d6vriga tidsskrifter"},"content":{"rendered":"<div  style='padding-bottom:10px; ' class='av-special-heading av-special-heading-h2  blockquote modern-quote  avia-builder-el-0  el_before_av_textblock  avia-builder-el-first  '><h2 class='av-special-heading-tag '  itemprop=\"headline\"  >\u00d6vriga tidsskrifter<\/h2><div class='special-heading-border'><div class='special-heading-inner-border' ><\/div><\/div><\/div>\n<section class=\"av_textblock_section \"  itemscope=\"itemscope\" itemtype=\"https:\/\/schema.org\/CreativeWork\" ><div class='avia_textblock  '   itemprop=\"text\" ><div class=\"introduction\">\n<p>Det finns m\u00e5nga tidskrifter och tidningar med allm\u00e4nmedicinsk relevans.<\/p>\n<p><a href=\"https:\/\/www.tandfonline.com\/loi\/ipri20\">Scandinavian Journal of Primary Health Care<\/a>\u00a0\u00e4r de nordiska allm\u00e4nl\u00e4karf\u00f6reningarnas vetenskapliga tidskrift.<\/p>\n<p><a href=\"http:\/\/www.distriktslakaren.se\/tidningen\">Distriktsl\u00e4karen<\/a>\u00a0\u00e4r tidskriften f\u00f6r Svenska distriktsl\u00e4karf\u00f6reningen, v\u00e5r fackliga organisation.<\/p>\n<p><a href=\"http:\/\/svenskgeriatrik.se\/om_svensk_geriatrik\/\">Svensk geriatrik<\/a>\u00a0riktar sig bland annat till allm\u00e4nl\u00e4kare.<\/p>\n<p><a href=\"https:\/\/www.dsam.dk\/flx\/publikationer\/practicus\/\">Practicus<\/a>\u00a0\u00e4r medlemstidningen f\u00f6r DSAM (Dansk Selskab for Almen Medicin).<\/p>\n<\/div>\n<div><\/div>\n<div class=\"introduction\"><a href=\"https:\/\/www.dsam.dk\/flx\/publikationer\/maanedsskrift_for_almen_praksis\/\">M\u00e5nedsskrift for almen praksis<\/a>\u00a0\u00e4r DSAM:s tidning f\u00f6r fortbildning.<\/div>\n<div><\/div>\n<div class=\"introduction\">\n<p><a href=\"https:\/\/www.utposten.no\/\">Utposten<\/a>\u00a0ges ut av Den norske legeforening.<\/p>\n<p>Kontakta oss g\u00e4rna om du har fler tips!<\/p>\n<\/div>\n<\/div><\/section>\n","protected":false},"excerpt":{"rendered":"","protected":false},"author":1,"featured_media":0,"parent":0,"menu_order":0,"comment_status":"closed","ping_status":"closed","template":"","meta":{"footnotes":""},"_links":{"self":[{"href":"https:\/\/sfam.se\/tidskriften\/wp-json\/wp\/v2\/pages\/13296"}],"collection":[{"href":"https:\/\/sfam.se\/tidskriften\/wp-json\/wp\/v2\/pages"}],"about":[{"href":"https:\/\/sfam.se\/tidskriften\/wp-json\/wp\/v2\/types\/page"}],"author":[{"embeddable":true,"href":"https:\/\/sfam.se\/tidskriften\/wp-json\/wp\/v2\/users\/1"}],"replies":[{"embeddable":true,"href":"https:\/\/sfam.se\/tidskriften\/wp-json\/wp\/v2\/comments?post=13296"}],"version-history":[{"count":2,"href":"https:\/\/sfam.se\/tidskriften\/wp-json\/wp\/v2\/pages\/13296\/revisions"}],"predecessor-version":[{"id":13808,"href":"https:\/\/sfam.se\/tidskriften\/wp-json\/wp\/v2\/pages\/13296\/revisions\/13808"}],"wp:attachment":[{"href":"https:\/\/sfam.se\/tidskriften\/wp-json\/wp\/v2\/media?parent=13296"}],"curies":[{"name":"wp","href":"https:\/\/api.w.org\/{rel}","templated":true}]}}