{"id":13293,"date":"2020-09-27T18:45:52","date_gmt":"2020-09-27T17:45:52","guid":{"rendered":"https:\/\/sfam.se\/tidskriften\/?page_id=13293"},"modified":"2024-09-20T08:57:41","modified_gmt":"2024-09-20T07:57:41","slug":"for-annonsorer","status":"publish","type":"page","link":"https:\/\/sfam.se\/tidskriften\/for-annonsorer\/","title":{"rendered":"F\u00f6r annons\u00f6rer"},"content":{"rendered":"<div  style='padding-bottom:10px; ' class='av-special-heading av-special-heading-h2  blockquote modern-quote  avia-builder-el-0  el_before_av_textblock  avia-builder-el-first  '><h2 class='av-special-heading-tag '  itemprop=\"headline\"  >F\u00f6r annons\u00f6rer<\/h2><div class='special-heading-border'><div class='special-heading-inner-border' ><\/div><\/div><\/div>\n<section class=\"av_textblock_section \"  itemscope=\"itemscope\" itemtype=\"https:\/\/schema.org\/CreativeWork\" ><div class='avia_textblock  '   itemprop=\"text\" ><h3><strong>Kommersiella annons\u00f6rer<\/strong><\/h3>\n<p>InformationsMedia i G\u00f6teborg AB<br \/>\nJean Lycke<br \/>\n<a href=\"mailto:jean@informationsmedia.se\" target=\"_blank\" rel=\"noopener\">jean@informationsmedia.se<\/a><br \/>\nMobil \u202d070-277 15 11\u202c<br \/>\nV\u00e4xel 031-33 43 780<\/p>\n<p>F\u00f6ljande uppgifter beh\u00f6vs:<\/p>\n<p>\u2013 Annonserande f\u00f6retag<br \/>\n\u2013 Annonserande kontaktperson<br \/>\n\u2013 Fullst\u00e4ndig fakturaadress<br \/>\n\u2013 Ev. PO-nummer eller m\u00e4rkning p\u00e5 fakturan<br \/>\n\u2013 Annons i tidning och\/eller banner i nyhetsbrev (se info via l\u00e4nk nedan)<\/p>\n<p><a href=\"https:\/\/informationsmedia.se\/publikationer\/allmanmedicin\" target=\"_blank\" rel=\"noopener\">Information och utgivningsplan<\/a><\/p>\n<h3><strong>Icke kommersiella annons\u00f6rer<\/strong><\/h3>\n<p>Annonser relaterade till SFAM, Wonca, Svenska L\u00e4kares\u00e4llskapet och Sveriges L\u00e4karf\u00f6rbund tas in som redaktionellt material, utan kostnad. F\u00f6rfr\u00e5gan skickas till\u00a0<a href=\"mailto:chefredaktor@sfam.se\">chefredaktor@sfam.se<\/a>.<\/p>\n<p>Observera att SFAM-arrangemang (t.ex. ST-dagarna och kongressen) skall ha SFAM:s logotyp med.<\/p>\n<p>Observera\u00a0<a href=\"https:\/\/sfam.se\/tidskriften\/utgivningsplan\/\" target=\"_blank\" rel=\"noopener\">utgivningsplanen<\/a>!<\/p>\n<p>Det underl\u00e4ttar f\u00f6r grafikern om hon f\u00e5r en f\u00e4rdig annons som tryckbar PDF (h\u00f6guppl\u00f6st, 300 dpi) i fyrf\u00e4rg (cmyk) och i nedanst\u00e5ende format. I vissa fall \u00e4r det bra att f\u00e5 flera storlekar.<\/p>\n<p>Storleken f\u00f6r redaktionella annonser \u00e4r:<\/p>\n<ul>\n<li><em>En helsida<\/em>\u00a0i tidningen \u00e4r\u00a0<strong>180 mm bred x 240 mm h\u00f6g<\/strong>.<\/li>\n<li><em>En halvsida<\/em>\u00a0i tidningen \u00e4r\u00a0<strong>180 mm bred x max 120 mm h\u00f6g<\/strong>. Kan g\u00f6ras l\u00e4gre om ni \u00f6nskar det.<\/li>\n<li><em>En kvartsida<\/em>\u00a0i tidningen \u00e4r<strong>\u00a0<strong>180 mm bred x 60 mm h\u00f6g<\/strong><\/strong>. Alternativt \u00e4r formatet\u00a0<strong>87,5 mm bred x max 120 mm h\u00f6g<\/strong>. Kan ocks\u00e5 g\u00f6ras l\u00e4gre om ni \u00f6nskar detta.<\/li>\n<\/ul>\n<p>Grafikern har begr\u00e4nsade m\u00f6jligheter att f\u00e4rdigst\u00e4lla en annons. I s\u00e5dant fall fordras fullst\u00e4ndigt material: logotyp, h\u00f6guppl\u00f6st bild och exakt text. Skicka materialet till chefredakt\u00f6ren f\u00f6r p\u00e5seende.<\/p>\n<p>Vid fr\u00e5gor: Kontakta chefredakt\u00f6ren\u00a0<a href=\"mailto:chefredaktor@sfam.se\">chefredaktor@sfam.se<\/a>.<\/p>\n<\/div><\/section>\n","protected":false},"excerpt":{"rendered":"","protected":false},"author":1,"featured_media":0,"parent":0,"menu_order":0,"comment_status":"closed","ping_status":"closed","template":"","meta":{"footnotes":""},"_links":{"self":[{"href":"https:\/\/sfam.se\/tidskriften\/wp-json\/wp\/v2\/pages\/13293"}],"collection":[{"href":"https:\/\/sfam.se\/tidskriften\/wp-json\/wp\/v2\/pages"}],"about":[{"href":"https:\/\/sfam.se\/tidskriften\/wp-json\/wp\/v2\/types\/page"}],"author":[{"embeddable":true,"href":"https:\/\/sfam.se\/tidskriften\/wp-json\/wp\/v2\/users\/1"}],"replies":[{"embeddable":true,"href":"https:\/\/sfam.se\/tidskriften\/wp-json\/wp\/v2\/comments?post=13293"}],"version-history":[{"count":7,"href":"https:\/\/sfam.se\/tidskriften\/wp-json\/wp\/v2\/pages\/13293\/revisions"}],"predecessor-version":[{"id":14115,"href":"https:\/\/sfam.se\/tidskriften\/wp-json\/wp\/v2\/pages\/13293\/revisions\/14115"}],"wp:attachment":[{"href":"https:\/\/sfam.se\/tidskriften\/wp-json\/wp\/v2\/media?parent=13293"}],"curies":[{"name":"wp","href":"https:\/\/api.w.org\/{rel}","templated":true}]}}