{"id":13276,"date":"2020-09-27T18:27:55","date_gmt":"2020-09-27T17:27:55","guid":{"rendered":"https:\/\/sfam.se\/tidskriften\/?page_id=13276"},"modified":"2026-03-24T10:01:45","modified_gmt":"2026-03-24T09:01:45","slug":"utgivningsplan","status":"publish","type":"page","link":"https:\/\/sfam.se\/tidskriften\/utgivningsplan\/","title":{"rendered":"Utgivningsplan"},"content":{"rendered":"<div  style='padding-bottom:10px; ' class='av-special-heading av-special-heading-h2  blockquote modern-quote  avia-builder-el-0  el_before_av_textblock  avia-builder-el-first  '><h2 class='av-special-heading-tag '  itemprop=\"headline\"  >Utgivningsplan<\/h2><div class='special-heading-border'><div class='special-heading-inner-border' ><\/div><\/div><\/div>\n<section class=\"av_textblock_section \"  itemscope=\"itemscope\" itemtype=\"https:\/\/schema.org\/CreativeWork\" ><div class='avia_textblock  '   itemprop=\"text\" ><h4><\/h4>\n<p>Utgivningsplan 2026<\/p>\n<table>\n<tbody>\n<tr>\n<td width=\"45\"><span style=\"font-size: 16px;\">2026<\/span><\/td>\n<td width=\"159\"><\/td>\n<td width=\"87\"><span style=\"font-size: 16px;\">Manusstopp<\/span><\/td>\n<td width=\"76\"><span style=\"font-size: 16px;\">Extra best\u00e4llning<\/span><\/td>\n<td width=\"68\"><span style=\"font-size: 16px;\">Utgivning<\/span><\/td>\n<\/tr>\n<tr>\n<td width=\"45\"><span style=\"font-size: 16px;\">2<\/span><\/td>\n<td width=\"159\"><span style=\"font-size: 16px;\">Allm\u00e4nl\u00e4karen och samh\u00e4llet\/Barnmedicin<\/span><\/td>\n<td width=\"87\"><span style=\"font-size: 16px;\">16.3<\/span><\/td>\n<td width=\"76\"><span style=\"font-size: 16px;\">\u00a013.4<\/span><\/td>\n<td width=\"68\"><span style=\"font-size: 16px;\">\u00a019-20.5<\/span><\/td>\n<\/tr>\n<tr>\n<td width=\"45\"><span style=\"font-size: 16px;\">3<\/span><\/td>\n<td width=\"159\"><span style=\"font-size: 16px;\">Hud\/Funktionella besv\u00e4r<\/span><\/td>\n<td width=\"87\"><span style=\"font-size: 16px;\">11.8<\/span><\/td>\n<td width=\"76\"><span style=\"font-size: 16px;\">1.9<\/span><\/td>\n<td width=\"68\"><span style=\"font-size: 16px;\">6.10<\/span><\/td>\n<\/tr>\n<tr>\n<td width=\"45\"><span style=\"font-size: 16px;\">4<\/span><\/td>\n<td width=\"159\"><span style=\"font-size: 16px;\">Levnadsvanor\/N\u00e4ra v\u00e5rd<\/span><\/td>\n<td width=\"87\"><span style=\"font-size: 16px;\">13.10<\/span><\/td>\n<td width=\"76\"><span style=\"font-size: 16px;\">3.11<\/span><\/td>\n<td width=\"68\"><span style=\"font-size: 16px;\">8.12<\/span><\/td>\n<\/tr>\n<\/tbody>\n<\/table>\n<\/div><\/section>\n","protected":false},"excerpt":{"rendered":"","protected":false},"author":1,"featured_media":0,"parent":0,"menu_order":0,"comment_status":"closed","ping_status":"closed","template":"","meta":{"footnotes":""},"_links":{"self":[{"href":"https:\/\/sfam.se\/tidskriften\/wp-json\/wp\/v2\/pages\/13276"}],"collection":[{"href":"https:\/\/sfam.se\/tidskriften\/wp-json\/wp\/v2\/pages"}],"about":[{"href":"https:\/\/sfam.se\/tidskriften\/wp-json\/wp\/v2\/types\/page"}],"author":[{"embeddable":true,"href":"https:\/\/sfam.se\/tidskriften\/wp-json\/wp\/v2\/users\/1"}],"replies":[{"embeddable":true,"href":"https:\/\/sfam.se\/tidskriften\/wp-json\/wp\/v2\/comments?post=13276"}],"version-history":[{"count":11,"href":"https:\/\/sfam.se\/tidskriften\/wp-json\/wp\/v2\/pages\/13276\/revisions"}],"predecessor-version":[{"id":14136,"href":"https:\/\/sfam.se\/tidskriften\/wp-json\/wp\/v2\/pages\/13276\/revisions\/14136"}],"wp:attachment":[{"href":"https:\/\/sfam.se\/tidskriften\/wp-json\/wp\/v2\/media?parent=13276"}],"curies":[{"name":"wp","href":"https:\/\/api.w.org\/{rel}","templated":true}]}}