{"id":13273,"date":"2020-09-27T18:14:36","date_gmt":"2020-09-27T17:14:36","guid":{"rendered":"https:\/\/sfam.se\/tidskriften\/?page_id=13273"},"modified":"2024-03-08T21:09:53","modified_gmt":"2024-03-08T20:09:53","slug":"om-allmanmedicin","status":"publish","type":"page","link":"https:\/\/sfam.se\/tidskriften\/om-allmanmedicin\/","title":{"rendered":"Om Allm\u00e4nMedicin"},"content":{"rendered":"<div  style='padding-bottom:10px; ' class='av-special-heading av-special-heading-h2  blockquote modern-quote  avia-builder-el-0  el_before_av_textblock  avia-builder-el-first  '><h2 class='av-special-heading-tag '  itemprop=\"headline\"  >Om Allm\u00e4nMedicin<\/h2><div class='special-heading-border'><div class='special-heading-inner-border' ><\/div><\/div><\/div>\n<section class=\"av_textblock_section \"  itemscope=\"itemscope\" itemtype=\"https:\/\/schema.org\/CreativeWork\" ><div class='avia_textblock  '   itemprop=\"text\" ><p>ISSN 0281-3513 (print),\u00a0ISSN 2001-8169 (online)<\/p>\n<h4>Redaktion<\/h4>\n<p>Jens Halldin, chefredakt\u00f6r,\u00a0<a href=\"mailto:chefredaktor@sfam.se\" target=\"_blank\" rel=\"noopener\">chefredaktor@sfam.se<\/a><\/p>\n<p>Petra Widerkrantz,\u00a0<a href=\"mailto:p@widerkrantz.se\" target=\"_blank\" rel=\"noopener\">p@widerkrantz.se<\/a><\/p>\n<p>Christer Petersson, <a href=\"mailto:cpetersson121@gmail.com\" target=\"_blank\" rel=\"noopener\">cpetersson121@gmail.com<\/a><\/p>\n<p>Lars Englund, <a href=\"mailto:englund1@telia.com\" target=\"_blank\" rel=\"noopener\">englund1@telia.com<\/a><\/p>\n<p>Bj\u00f6rn Landstr\u00f6m, <a href=\"mailto:bjorn.landstrom@skaraborgsinstitutet.se\" target=\"_blank\" rel=\"noopener\">bjorn.landstrom@skaraborgsinstitutet.se<\/a><\/p>\n<p>Staffan Svensson,\u00a0<a href=\"mailto:staffan.svensson@pharm.gu.se\" target=\"_blank\" rel=\"noopener\">staffan.svensson@pharm.gu.se<\/a><\/p>\n<p><a href=\"https:\/\/sfam.se\/tidskriften\/utgivningsplan\/\">Utgivningsplan<\/a><br \/>\n<a href=\"https:\/\/www.sfam.se\/tidskriften\/for-forfattare\/\" target=\"_blank\" rel=\"noopener\">F\u00f6rfattaranvisningar<\/a><\/p>\n<h4 class=\"content-subheader\">Styrdokument 2015<\/h4>\n<p>Allm\u00e4nMedicin \u00e4r SFAM:s medlemstidning d\u00e4r allm\u00e4nl\u00e4kare skriver f\u00f6r allm\u00e4nl\u00e4kare om utbildning, fortbildning, forskning, utveckling, medicinska r\u00f6n och debatt inom allm\u00e4nmedicinen.<\/p>\n<p>Allm\u00e4nMedicin \u00e4r frist\u00e5ende fr\u00e5n SFAM:s styrelse och lyder under sedvanlig lagstiftning f\u00f6r tidskrifter. Sedvanliga publicistiska normer f\u00f6ljs.<\/p>\n<p>M\u00e5lgruppen \u00e4r specialister i allm\u00e4nmedicin, l\u00e4kare under utbildning, andra specialistl\u00e4kare, administrat\u00f6rer och politiker.<\/p>\n<p>Tidningen kommer ut med fyra nummer per \u00e5r. Hela tidningen (som pdf-fil) och vissa artiklar publiceras \u00e4ven p\u00e5 www.sfam.se. Aktuella f\u00f6rfattaranvisningar ligger p\u00e5 www.sfam.se. En policy finns f\u00f6r kommentarsfunktionen p\u00e5 www.sfam.se. Vissa artiklar indexeras i SweMed+.<\/p>\n<p>Arbetet med att ta fram tidningen leds av en chefredakt\u00f6r, utsedd av styrelsen, som knyter till sig en redaktion best\u00e5ende av specialister i allm\u00e4nmedicin eller blivande s\u00e5dana. Chefredakt\u00f6ren ansvarar f\u00f6r att l\u00e4gga upp rutiner f\u00f6r samarbetet med producenten.<\/p>\n<p>Styrelsen utser ansvarig utgivare.<\/p>\n<p>Chefredakt\u00f6ren f\u00f6ljer styrelsens arbete p\u00e5 s\u00e4tt och i omfattning som styrelsen beslutar.<\/p>\n<p>Chefredakt\u00f6ren f\u00e5r ett ekonomiskt anslag att disponera f\u00f6r ink\u00f6p av material till tidningen, redaktionsm\u00f6ten och liknande. F\u00f6r \u00f6vrigt best\u00e4mmer styrelsen \u00f6ver tidningens ekonomi liksom \u00f6ver avtal med producenter.<\/p>\n<h4 class=\"content-subheader\">Prelimin\u00e4ra kriterier f\u00f6r artiklar om kommersiella produkter<\/h4>\n<ul>\n<li>F\u00f6rfattaren har sj\u00e4lv utvecklat produkten<\/li>\n<li>Beskrivning av sj\u00e4lva processen ing\u00e5r<\/li>\n<li>Initiativet kommer fr\u00e5n en allm\u00e4nl\u00e4kare<\/li>\n<li>Produkten \u00e4r inte uppk\u00f6pt av stort f\u00f6retag<\/li>\n<li>Inga stora redigeringar i texten \u00e4r n\u00f6dv\u00e4ndiga<\/li>\n<li>Produkten har uppenbar nytta i klinisk vardagen<\/li>\n<li>J\u00e4vsinventering ifylld<\/li>\n<\/ul>\n<\/div><\/section>\n","protected":false},"excerpt":{"rendered":"","protected":false},"author":1,"featured_media":0,"parent":0,"menu_order":0,"comment_status":"closed","ping_status":"closed","template":"","meta":{"footnotes":""},"_links":{"self":[{"href":"https:\/\/sfam.se\/tidskriften\/wp-json\/wp\/v2\/pages\/13273"}],"collection":[{"href":"https:\/\/sfam.se\/tidskriften\/wp-json\/wp\/v2\/pages"}],"about":[{"href":"https:\/\/sfam.se\/tidskriften\/wp-json\/wp\/v2\/types\/page"}],"author":[{"embeddable":true,"href":"https:\/\/sfam.se\/tidskriften\/wp-json\/wp\/v2\/users\/1"}],"replies":[{"embeddable":true,"href":"https:\/\/sfam.se\/tidskriften\/wp-json\/wp\/v2\/comments?post=13273"}],"version-history":[{"count":5,"href":"https:\/\/sfam.se\/tidskriften\/wp-json\/wp\/v2\/pages\/13273\/revisions"}],"predecessor-version":[{"id":14095,"href":"https:\/\/sfam.se\/tidskriften\/wp-json\/wp\/v2\/pages\/13273\/revisions\/14095"}],"wp:attachment":[{"href":"https:\/\/sfam.se\/tidskriften\/wp-json\/wp\/v2\/media?parent=13273"}],"curies":[{"name":"wp","href":"https:\/\/api.w.org\/{rel}","templated":true}]}}