{"id":13259,"date":"2020-09-27T09:51:29","date_gmt":"2020-09-27T08:51:29","guid":{"rendered":"https:\/\/sfam.se\/tidskriften\/?page_id=13259"},"modified":"2020-09-27T09:51:30","modified_gmt":"2020-09-27T08:51:30","slug":"behandling-av-personuppgifter-gdpr","status":"publish","type":"page","link":"https:\/\/sfam.se\/tidskriften\/behandling-av-personuppgifter-gdpr\/","title":{"rendered":"Behandling av personuppgifter (GDPR)"},"content":{"rendered":"\n<p>General Data Protection Regulation, GDPR, \u00e4r en EU-f\u00f6rordning som i sin svenska version heter Dataskyddsf\u00f6rordningen och ers\u00e4tter Personuppgiftslagen, PuL, fr\u00e5n och med den 25 maj 2018. Mycket blir sig likt men kraven sk\u00e4rps p\u00e5 hur vi f\u00e5r behandla dina personuppgifter.<\/p>\n\n\n\n<p>Svensk f\u00f6rening f\u00f6r allm\u00e4nmedicin, SFAM, kommer att f\u00f6lja Dataskyddsf\u00f6rordningen och har som ambition att v\u00e4rna om medlemmarnas integritet. SFAM skyddar alltid dina personuppgifter med de tekniska och organisatoriska \u00e5tg\u00e4rder som i varje enskilt fall kr\u00e4vs, och s\u00e4kerst\u00e4ller att behandlingen sker enligt g\u00e4llande lag. V\u00e5r princip \u00e4r vidare att bem\u00f6ta v\u00e5ra medlemmar s\u00e5 som de vill bli bem\u00f6tta.<\/p>\n\n\n\n<p>De personuppgifter vi hanterar om dig \u00e4r de som du sj\u00e4lv angav n\u00e4r du ans\u00f6kte om medlemskap och de uppdateringar du d\u00e4refter gjort avseende arbetsplats, medlemskap i delf\u00f6rening, etc. F\u00f6reningens tillg\u00e5ng till dessa uppgifter och lagring av dessa i v\u00e5rt medlemsregister \u00e4r en f\u00f6ruts\u00e4ttning f\u00f6r medlemskap. Det kan till exempel vara namn, personnummer, e-postadress, telefonnummer, postadress, och arbetsplats. Andra personuppgifter vi hanterar \u00e4r information som du l\u00e4mnar n\u00e4r du skriver inl\u00e4gg i tidskriften Allm\u00e4nMedicin, deltar i kurser eller presenterar material p\u00e5 SFAM:s vetenskapliga kongress eller andra m\u00f6ten som f\u00f6reningen anordnar, eller n\u00e4r du anm\u00e4ler dig till Mitt-i-ST eller specialistexamen i allm\u00e4nmedicin.<\/p>\n\n\n\n<p>P\u00e5 hemsidan markerar du i en kryssruta vid medlemsans\u00f6kan och p\u00e5 andra ans\u00f6kningsformul\u00e4r att du godk\u00e4nner lagring och hantering av dina personuppgifter. Syftet med uppgifterna \u00e4r att ge en god medlemsservice, skicka meddelanden och information, distribuera tidskriften Allm\u00e4nMedicin, etc.<\/p>\n\n\n\n<p>De personuppgifter vi behandlar om dig kommer inte att delas vidare till f\u00f6retag eller andra utomst\u00e5ende akt\u00f6rer, annat \u00e4n i de fall vi \u00e4r skyldiga att g\u00f6ra det enligt lag. Vi kommer aldrig att \u00f6verf\u00f6ra dina uppgifter till ett land utanf\u00f6r EU.<\/p>\n\n\n\n<p>Ansvarig f\u00f6r personuppgifterna \u00e4r Svensk f\u00f6rening f\u00f6r allm\u00e4nmedicin. Dataskyddsombud \u00e4r Hel\u00e9ne Sw\u00e4rd. Du kan n\u00e4r som helst beg\u00e4ra att f\u00e5 ett utdrag p\u00e5 de personuppgifter vi har om dig, beg\u00e4ra r\u00e4ttelse eller beg\u00e4ra att vi begr\u00e4nsar behandlingen uppgifterna. Detta g\u00f6r du l\u00e4ttast genom epost till&nbsp;<a href=\"mailto:kansli@sfam.se\">kansli@sfam.se<\/a>. Du har ocks\u00e5 r\u00e4tt att beg\u00e4ra att f\u00e5 dina uppgifter raderade i f\u00f6reningens databas. De uppgifter som \u00e4r n\u00f6dv\u00e4ndiga f\u00f6r v\u00e5rt medlemsregister kan bara raderas efter uttr\u00e4de ur f\u00f6reningen. SFAM avser att systematiskt gallra uppgifter ur medlemsregistret avseende avg\u00e5ngna medlemmar.<\/p>\n\n\n\n<p>Vi str\u00e4var efter att skydda dina personuppgifter omsorgsfullt, men om kapning, olycksh\u00e4ndelse eller andra omst\u00e4ndigheter g\u00f6r att dina personuppgifter riskerar spridas kommer vi uppfylla v\u00e5r skyldighet att skyndsamt utreda och rapportera incidenten till Datainspektionen senast inom 72 timmar.<\/p>\n\n\n\n<p>Om du har klagom\u00e5l p\u00e5 v\u00e5r behandling av dina personuppgifter har du r\u00e4tt att inge klagom\u00e5l till tillsynsmyndigheten Datainspektionen.<\/p>\n","protected":false},"excerpt":{"rendered":"<p>General Data Protection Regulation, GDPR, \u00e4r en EU-f\u00f6rordning som i sin svenska version heter Dataskyddsf\u00f6rordningen och ers\u00e4tter Personuppgiftslagen, PuL, fr\u00e5n och med den 25 maj 2018. Mycket blir sig likt men kraven sk\u00e4rps p\u00e5 hur vi f\u00e5r behandla dina personuppgifter. Svensk f\u00f6rening f\u00f6r allm\u00e4nmedicin, SFAM, kommer att f\u00f6lja Dataskyddsf\u00f6rordningen och har som ambition att v\u00e4rna [&hellip;]<\/p>\n","protected":false},"author":1,"featured_media":0,"parent":0,"menu_order":0,"comment_status":"closed","ping_status":"closed","template":"","meta":{"footnotes":""},"_links":{"self":[{"href":"https:\/\/sfam.se\/tidskriften\/wp-json\/wp\/v2\/pages\/13259"}],"collection":[{"href":"https:\/\/sfam.se\/tidskriften\/wp-json\/wp\/v2\/pages"}],"about":[{"href":"https:\/\/sfam.se\/tidskriften\/wp-json\/wp\/v2\/types\/page"}],"author":[{"embeddable":true,"href":"https:\/\/sfam.se\/tidskriften\/wp-json\/wp\/v2\/users\/1"}],"replies":[{"embeddable":true,"href":"https:\/\/sfam.se\/tidskriften\/wp-json\/wp\/v2\/comments?post=13259"}],"version-history":[{"count":1,"href":"https:\/\/sfam.se\/tidskriften\/wp-json\/wp\/v2\/pages\/13259\/revisions"}],"predecessor-version":[{"id":13261,"href":"https:\/\/sfam.se\/tidskriften\/wp-json\/wp\/v2\/pages\/13259\/revisions\/13261"}],"wp:attachment":[{"href":"https:\/\/sfam.se\/tidskriften\/wp-json\/wp\/v2\/media?parent=13259"}],"curies":[{"name":"wp","href":"https:\/\/api.w.org\/{rel}","templated":true}]}}